{"id":16,"date":"2022-12-09T10:55:29","date_gmt":"2022-12-09T10:55:29","guid":{"rendered":"http:\/\/gite-du-moulin-de-lupiac.fr\/?page_id=16"},"modified":"2023-03-20T21:22:20","modified_gmt":"2023-03-20T21:22:20","slug":"tarifs-reservation","status":"publish","type":"page","link":"https:\/\/gite-du-moulin-de-lupiac.fr\/?page_id=16","title":{"rendered":"Tarifs\/R\u00e9servation"},"content":{"rendered":"\n<div style=\"height:40px\" aria-hidden=\"true\" class=\"wp-block-spacer\"><\/div>\n\n\n<style>.kadence-column_d0c678-ef > .kt-inside-inner-col{padding-top:10px;padding-bottom:10px;padding-left:0px;padding-right:0px;}.kadence-column_d0c678-ef > .kt-inside-inner-col{border-top-width:0px;border-right-width:0px;border-bottom-width:0px;border-left-width:0px;}.kadence-column_d0c678-ef > .kt-inside-inner-col,.kadence-column_d0c678-ef > .kt-inside-inner-col:before{border-top-left-radius:24px;border-top-right-radius:24px;border-bottom-right-radius:24px;border-bottom-left-radius:24px;}.kadence-column_d0c678-ef > .kt-inside-inner-col{column-gap:var(--global-kb-gap-sm, 1rem);}.kadence-column_d0c678-ef > .kt-inside-inner-col{flex-direction:column;}.kadence-column_d0c678-ef > .kt-inside-inner-col > .aligncenter{width:100%;}.kadence-column_d0c678-ef > .kt-inside-inner-col{background-color:#dfa63b;}.kadence-column_d0c678-ef > .kt-inside-inner-col:before{opacity:0.3;}.kadence-column_d0c678-ef{position:relative;}@media all and (max-width: 1024px){.kadence-column_d0c678-ef > .kt-inside-inner-col{flex-direction:column;justify-content:center;}}@media all and (max-width: 767px){.kadence-column_d0c678-ef > .kt-inside-inner-col{flex-direction:column;justify-content:center;}}<\/style>\n<div class=\"wp-block-kadence-column inner-column-1 kadence-column_d0c678-ef .center {  width: 50%; \/* Largeur de la div *\/ margin: 0 auto; Centrer horizontalement text-align: center; le contenu }\"><div class=\"kt-inside-inner-col\">\n<iframe src=\"https:\/\/www.planning-planning.com\/IFR-Planning-FR-thryfk.htm\" scrolling=\"no\" marginwidth=\"0\" marginheight=\"0\" style=\"margin-left:15%\" width=\"886px\" height=\"388px\" frameborder=\"0\"><\/iframe>\n<\/div><\/div>\n\n\n\n<div style=\"height:40px\" aria-hidden=\"true\" class=\"wp-block-spacer\"><\/div>\n\n\n<style>.kadence-column_b0a5dc-b3 > .kt-inside-inner-col{border-top-width:0px;border-right-width:0px;border-bottom-width:0px;border-left-width:0px;}.kadence-column_b0a5dc-b3 > .kt-inside-inner-col,.kadence-column_b0a5dc-b3 > .kt-inside-inner-col:before{border-top-left-radius:0px;border-top-right-radius:0px;border-bottom-right-radius:0px;border-bottom-left-radius:0px;}.kadence-column_b0a5dc-b3 > .kt-inside-inner-col{column-gap:var(--global-kb-gap-sm, 1rem);}.kadence-column_b0a5dc-b3 > .kt-inside-inner-col{flex-direction:column;}.kadence-column_b0a5dc-b3 > .kt-inside-inner-col > .aligncenter{width:100%;}.kadence-column_b0a5dc-b3 > .kt-inside-inner-col:before{opacity:0.3;}.kadence-column_b0a5dc-b3{position:relative;}@media all and (max-width: 1024px){.kadence-column_b0a5dc-b3 > .kt-inside-inner-col{flex-direction:column;justify-content:center;}}@media all and (max-width: 767px){.kadence-column_b0a5dc-b3 > .kt-inside-inner-col{flex-direction:column;justify-content:center;}}<\/style>\n<div class=\"wp-block-kadence-column inner-column-1 kadence-column_b0a5dc-b3\"><div class=\"kt-inside-inner-col\"><style>.wp-block-kadence-column.kb-section-dir-horizontal > .kt-inside-inner-col > #kt-info-box_a99449-6d .kt-blocks-info-box-link-wrap{max-width:unset;}#kt-info-box_a99449-6d .kt-blocks-info-box-link-wrap{border-color:#dfa63b;border-radius:20px;border-top-width:0px;border-right-width:0px;border-bottom-width:0px;border-left-width:0px;background:#dfa63b;padding-top:24px;padding-right:24px;padding-bottom:24px;padding-left:24px;margin-top:50px;}#kt-info-box_a99449-6d .kt-blocks-info-box-link-wrap:hover{background:#dfa63b;}#kt-info-box_a99449-6d .kadence-info-box-icon-container .kt-info-svg-icon, #kt-info-box_a99449-6d .kt-info-svg-icon-flip, #kt-info-box_a99449-6d .kt-blocks-info-box-number{font-size:50px;}#kt-info-box_a99449-6d .kt-blocks-info-box-media{color:#444444;background:#dfa63b;border-color:var(--global-palette7, #EDF2F7);border-radius:200px;overflow:hidden;border-top-width:7px;border-right-width:7px;border-bottom-width:7px;border-left-width:7px;padding-top:13px;padding-right:13px;padding-bottom:13px;padding-left:13px;}#kt-info-box_a99449-6d .kt-blocks-info-box-media-container{margin-top:-75px;margin-right:0px;margin-bottom:20px;margin-left:0px;}#kt-info-box_a99449-6d .kt-blocks-info-box-media .kadence-info-box-image-intrisic img{border-radius:200px;}#kt-info-box_a99449-6d .kt-blocks-info-box-link-wrap:hover .kt-blocks-info-box-media{color:#444444;background:#dfa63b;border-color:var(--global-palette7, #EDF2F7);}#kt-info-box_a99449-6d .kt-infobox-textcontent h2.kt-blocks-info-box-title{padding-top:0px;padding-right:0px;padding-bottom:0px;padding-left:0px;margin-top:5px;margin-right:0px;margin-bottom:10px;margin-left:0px;}#kt-info-box_a99449-6d .kt-infobox-textcontent .kt-blocks-info-box-text{color:var(--global-palette3, #1A202C);}.wp-block-kadence-infobox#kt-info-box_a99449-6d .kt-blocks-info-box-text{font-size:27px;}#kt-info-box_a99449-6d .kt-blocks-info-box-learnmore{background:transparent;border-width:0px 0px 0px 0px;padding-top:4px;padding-right:8px;padding-bottom:4px;padding-left:8px;margin-top:10px;margin-right:0px;margin-bottom:10px;margin-left:0px;}<\/style>\n<div id=\"kt-info-box_a99449-6d\" class=\"wp-block-kadence-infobox\"><a class=\"kt-blocks-info-box-link-wrap info-box-link kt-blocks-info-box-media-align-top kt-info-halign-center\"><div class=\"kt-blocks-info-box-media-container\"><div class=\"kt-blocks-info-box-media kt-info-media-animate-none\"><div class=\"kadence-info-box-icon-container kt-info-icon-animate-none\"><div class=\"kadence-info-box-icon-inner-container\"><span style=\"display:block;justify-content:center;align-items:center\" class=\"kt-info-svg-icon kt-info-svg-icon-fas_money-check\"><svg style=\"display:inline-block;vertical-align:middle\" viewBox=\"0 0 640 512\" height=\"50\" width=\"50\" fill=\"currentColor\" xmlns=\"http:\/\/www.w3.org\/2000\/svg\" aria-hidden=\"true\"><path d=\"M0 448c0 17.67 14.33 32 32 32h576c17.67 0 32-14.33 32-32V128H0v320zm448-208c0-8.84 7.16-16 16-16h96c8.84 0 16 7.16 16 16v32c0 8.84-7.16 16-16 16h-96c-8.84 0-16-7.16-16-16v-32zm0 120c0-4.42 3.58-8 8-8h112c4.42 0 8 3.58 8 8v16c0 4.42-3.58 8-8 8H456c-4.42 0-8-3.58-8-8v-16zM64 264c0-4.42 3.58-8 8-8h304c4.42 0 8 3.58 8 8v16c0 4.42-3.58 8-8 8H72c-4.42 0-8-3.58-8-8v-16zm0 96c0-4.42 3.58-8 8-8h176c4.42 0 8 3.58 8 8v16c0 4.42-3.58 8-8 8H72c-4.42 0-8-3.58-8-8v-16zM624 32H16C7.16 32 0 39.16 0 48v48h640V48c0-8.84-7.16-16-16-16z\"><\/path><\/svg><\/span><\/div><\/div><\/div><\/div><div class=\"kt-infobox-textcontent\"><h2 class=\"kt-blocks-info-box-title\">Tarifs<\/h2><p class=\"kt-blocks-info-box-text\">Tr\u00e8s Haute Saison (de  mi-juillet \u00e0 mi-ao\u00fbt): <strong>650 \u20ac<\/strong> la semaine<br\/>Haute Saison (2 premi\u00e8res semaines de juillet et 2 derni\u00e8res semaines d&#8217;ao\u00fbt) : <strong>600 \u20ac<\/strong> la semaine<br\/>Autres p\u00e9riodes : <strong>500 \u20ac<\/strong> la semaine<br\/><\/p><\/div><\/a><\/div>\n<\/div><\/div>\n\n\n\n<div style=\"height:20px\" aria-hidden=\"true\" class=\"wp-block-spacer\"><\/div>\n\n\n\n<p class=\"has-text-align-left has-theme-palette-3-color has-text-color\">Un acompte de 25% est demand\u00e9 lors du retour du contrat de location g\u00eetes sign\u00e9, ainsi qu&#8217;une copie de l&#8217;attestation de responsabilit\u00e9 civile.<br><br>Les arriv\u00e9es se font le samedi \u00e0 partir de 16h et les d\u00e9parts le samedi matin avant 10H.<br><br>Pour voir nos prestations, cliquez <a href=\"https:\/\/gite-du-moulin-de-lupiac.fr\/?page_id=10\" data-type=\"URL\" data-id=\"https:\/\/gite-du-moulin-de-lupiac.fr\/?page_id=10\">ici<\/a><br><\/p>\n\n\n\n<div style=\"height:40px\" aria-hidden=\"true\" class=\"wp-block-spacer\"><\/div>\n","protected":false},"excerpt":{"rendered":"<p>Un acompte de 25% est demand\u00e9 lors du retour du contrat de location g\u00eetes sign\u00e9, ainsi qu&#8217;une copie de l&#8217;attestation de responsabilit\u00e9 civile. Les arriv\u00e9es se font le samedi \u00e0 partir de 16h et les d\u00e9parts le samedi matin avant 10H. Pour voir nos prestations, cliquez ici<\/p>\n","protected":false},"author":1,"featured_media":0,"parent":0,"menu_order":0,"comment_status":"closed","ping_status":"closed","template":"","meta":{"_kadence_starter_templates_imported_post":false,"_kad_post_transparent":"disable","_kad_post_title":"default","_kad_post_layout":"normal","_kad_post_sidebar_id":"","_kad_post_content_style":"default","_kad_post_vertical_padding":"default","_kad_post_feature":"","_kad_post_feature_position":"","_kad_post_header":false,"_kad_post_footer":false,"footnotes":""},"class_list":["post-16","page","type-page","status-publish","hentry"],"yoast_head":"<!-- This site is optimized with the Yoast SEO plugin v25.5 - https:\/\/yoast.com\/wordpress\/plugins\/seo\/ -->\n<title>Tarifs\/R\u00e9servation - G\u00eete Du Moulin de Lupiac<\/title>\n<meta name=\"robots\" content=\"index, follow, max-snippet:-1, max-image-preview:large, max-video-preview:-1\" \/>\n<link rel=\"canonical\" href=\"https:\/\/gite-du-moulin-de-lupiac.fr\/?page_id=16\" \/>\n<meta property=\"og:locale\" content=\"en_US\" \/>\n<meta property=\"og:type\" content=\"article\" \/>\n<meta property=\"og:title\" content=\"Tarifs\/R\u00e9servation - G\u00eete Du Moulin de Lupiac\" \/>\n<meta property=\"og:description\" content=\"Un acompte de 25% est demand\u00e9 lors du retour du contrat de location g\u00eetes sign\u00e9, ainsi qu&#8217;une copie de l&#8217;attestation de responsabilit\u00e9 civile. Les arriv\u00e9es se font le samedi \u00e0 partir de 16h et les d\u00e9parts le samedi matin avant 10H. Pour voir nos prestations, cliquez ici\" \/>\n<meta property=\"og:url\" content=\"https:\/\/gite-du-moulin-de-lupiac.fr\/?page_id=16\" \/>\n<meta property=\"og:site_name\" content=\"G\u00eete Du Moulin de Lupiac\" \/>\n<meta property=\"article:modified_time\" content=\"2023-03-20T21:22:20+00:00\" \/>\n<meta name=\"twitter:card\" content=\"summary_large_image\" \/>\n<script type=\"application\/ld+json\" class=\"yoast-schema-graph\">{\"@context\":\"https:\/\/schema.org\",\"@graph\":[{\"@type\":\"WebPage\",\"@id\":\"https:\/\/gite-du-moulin-de-lupiac.fr\/?page_id=16\",\"url\":\"https:\/\/gite-du-moulin-de-lupiac.fr\/?page_id=16\",\"name\":\"Tarifs\/R\u00e9servation - G\u00eete Du Moulin de Lupiac\",\"isPartOf\":{\"@id\":\"https:\/\/gite-du-moulin-de-lupiac.fr\/#website\"},\"datePublished\":\"2022-12-09T10:55:29+00:00\",\"dateModified\":\"2023-03-20T21:22:20+00:00\",\"breadcrumb\":{\"@id\":\"https:\/\/gite-du-moulin-de-lupiac.fr\/?page_id=16#breadcrumb\"},\"inLanguage\":\"en-US\",\"potentialAction\":[{\"@type\":\"ReadAction\",\"target\":[\"https:\/\/gite-du-moulin-de-lupiac.fr\/?page_id=16\"]}]},{\"@type\":\"BreadcrumbList\",\"@id\":\"https:\/\/gite-du-moulin-de-lupiac.fr\/?page_id=16#breadcrumb\",\"itemListElement\":[{\"@type\":\"ListItem\",\"position\":1,\"name\":\"Home\",\"item\":\"https:\/\/gite-du-moulin-de-lupiac.fr\/\"},{\"@type\":\"ListItem\",\"position\":2,\"name\":\"Tarifs\/R\u00e9servation\"}]},{\"@type\":\"WebSite\",\"@id\":\"https:\/\/gite-du-moulin-de-lupiac.fr\/#website\",\"url\":\"https:\/\/gite-du-moulin-de-lupiac.fr\/\",\"name\":\"G\u00eete Du Moulin de Lupiac\",\"description\":\"G\u00eete du moulin de Lupiac Occitanie\",\"publisher\":{\"@id\":\"https:\/\/gite-du-moulin-de-lupiac.fr\/#organization\"},\"potentialAction\":[{\"@type\":\"SearchAction\",\"target\":{\"@type\":\"EntryPoint\",\"urlTemplate\":\"https:\/\/gite-du-moulin-de-lupiac.fr\/?s={search_term_string}\"},\"query-input\":{\"@type\":\"PropertyValueSpecification\",\"valueRequired\":true,\"valueName\":\"search_term_string\"}}],\"inLanguage\":\"en-US\"},{\"@type\":\"Organization\",\"@id\":\"https:\/\/gite-du-moulin-de-lupiac.fr\/#organization\",\"name\":\"G\u00eete Du Moulin de Lupiac\",\"url\":\"https:\/\/gite-du-moulin-de-lupiac.fr\/\",\"logo\":{\"@type\":\"ImageObject\",\"inLanguage\":\"en-US\",\"@id\":\"https:\/\/gite-du-moulin-de-lupiac.fr\/#\/schema\/logo\/image\/\",\"url\":\"https:\/\/gite-du-moulin-de-lupiac.fr\/wp-content\/uploads\/2022\/12\/cropped-icons8-moulin-a-vent-64.png\",\"contentUrl\":\"https:\/\/gite-du-moulin-de-lupiac.fr\/wp-content\/uploads\/2022\/12\/cropped-icons8-moulin-a-vent-64.png\",\"width\":64,\"height\":64,\"caption\":\"G\u00eete Du Moulin de Lupiac\"},\"image\":{\"@id\":\"https:\/\/gite-du-moulin-de-lupiac.fr\/#\/schema\/logo\/image\/\"}}]}<\/script>\n<!-- \/ Yoast SEO plugin. -->","yoast_head_json":{"title":"Tarifs\/R\u00e9servation - G\u00eete Du Moulin de Lupiac","robots":{"index":"index","follow":"follow","max-snippet":"max-snippet:-1","max-image-preview":"max-image-preview:large","max-video-preview":"max-video-preview:-1"},"canonical":"https:\/\/gite-du-moulin-de-lupiac.fr\/?page_id=16","og_locale":"en_US","og_type":"article","og_title":"Tarifs\/R\u00e9servation - G\u00eete Du Moulin de Lupiac","og_description":"Un acompte de 25% est demand\u00e9 lors du retour du contrat de location g\u00eetes sign\u00e9, ainsi qu&#8217;une copie de l&#8217;attestation de responsabilit\u00e9 civile. Les arriv\u00e9es se font le samedi \u00e0 partir de 16h et les d\u00e9parts le samedi matin avant 10H. Pour voir nos prestations, cliquez ici","og_url":"https:\/\/gite-du-moulin-de-lupiac.fr\/?page_id=16","og_site_name":"G\u00eete Du Moulin de Lupiac","article_modified_time":"2023-03-20T21:22:20+00:00","twitter_card":"summary_large_image","schema":{"@context":"https:\/\/schema.org","@graph":[{"@type":"WebPage","@id":"https:\/\/gite-du-moulin-de-lupiac.fr\/?page_id=16","url":"https:\/\/gite-du-moulin-de-lupiac.fr\/?page_id=16","name":"Tarifs\/R\u00e9servation - G\u00eete Du Moulin de Lupiac","isPartOf":{"@id":"https:\/\/gite-du-moulin-de-lupiac.fr\/#website"},"datePublished":"2022-12-09T10:55:29+00:00","dateModified":"2023-03-20T21:22:20+00:00","breadcrumb":{"@id":"https:\/\/gite-du-moulin-de-lupiac.fr\/?page_id=16#breadcrumb"},"inLanguage":"en-US","potentialAction":[{"@type":"ReadAction","target":["https:\/\/gite-du-moulin-de-lupiac.fr\/?page_id=16"]}]},{"@type":"BreadcrumbList","@id":"https:\/\/gite-du-moulin-de-lupiac.fr\/?page_id=16#breadcrumb","itemListElement":[{"@type":"ListItem","position":1,"name":"Home","item":"https:\/\/gite-du-moulin-de-lupiac.fr\/"},{"@type":"ListItem","position":2,"name":"Tarifs\/R\u00e9servation"}]},{"@type":"WebSite","@id":"https:\/\/gite-du-moulin-de-lupiac.fr\/#website","url":"https:\/\/gite-du-moulin-de-lupiac.fr\/","name":"G\u00eete Du Moulin de Lupiac","description":"G\u00eete du moulin de Lupiac Occitanie","publisher":{"@id":"https:\/\/gite-du-moulin-de-lupiac.fr\/#organization"},"potentialAction":[{"@type":"SearchAction","target":{"@type":"EntryPoint","urlTemplate":"https:\/\/gite-du-moulin-de-lupiac.fr\/?s={search_term_string}"},"query-input":{"@type":"PropertyValueSpecification","valueRequired":true,"valueName":"search_term_string"}}],"inLanguage":"en-US"},{"@type":"Organization","@id":"https:\/\/gite-du-moulin-de-lupiac.fr\/#organization","name":"G\u00eete Du Moulin de Lupiac","url":"https:\/\/gite-du-moulin-de-lupiac.fr\/","logo":{"@type":"ImageObject","inLanguage":"en-US","@id":"https:\/\/gite-du-moulin-de-lupiac.fr\/#\/schema\/logo\/image\/","url":"https:\/\/gite-du-moulin-de-lupiac.fr\/wp-content\/uploads\/2022\/12\/cropped-icons8-moulin-a-vent-64.png","contentUrl":"https:\/\/gite-du-moulin-de-lupiac.fr\/wp-content\/uploads\/2022\/12\/cropped-icons8-moulin-a-vent-64.png","width":64,"height":64,"caption":"G\u00eete Du Moulin de Lupiac"},"image":{"@id":"https:\/\/gite-du-moulin-de-lupiac.fr\/#\/schema\/logo\/image\/"}}]}},"_links":{"self":[{"href":"https:\/\/gite-du-moulin-de-lupiac.fr\/index.php?rest_route=\/wp\/v2\/pages\/16","targetHints":{"allow":["GET"]}}],"collection":[{"href":"https:\/\/gite-du-moulin-de-lupiac.fr\/index.php?rest_route=\/wp\/v2\/pages"}],"about":[{"href":"https:\/\/gite-du-moulin-de-lupiac.fr\/index.php?rest_route=\/wp\/v2\/types\/page"}],"author":[{"embeddable":true,"href":"https:\/\/gite-du-moulin-de-lupiac.fr\/index.php?rest_route=\/wp\/v2\/users\/1"}],"replies":[{"embeddable":true,"href":"https:\/\/gite-du-moulin-de-lupiac.fr\/index.php?rest_route=%2Fwp%2Fv2%2Fcomments&post=16"}],"version-history":[{"count":53,"href":"https:\/\/gite-du-moulin-de-lupiac.fr\/index.php?rest_route=\/wp\/v2\/pages\/16\/revisions"}],"predecessor-version":[{"id":852,"href":"https:\/\/gite-du-moulin-de-lupiac.fr\/index.php?rest_route=\/wp\/v2\/pages\/16\/revisions\/852"}],"wp:attachment":[{"href":"https:\/\/gite-du-moulin-de-lupiac.fr\/index.php?rest_route=%2Fwp%2Fv2%2Fmedia&parent=16"}],"curies":[{"name":"wp","href":"https:\/\/api.w.org\/{rel}","templated":true}]}}