{"id":14,"date":"2022-12-09T10:55:15","date_gmt":"2022-12-09T10:55:15","guid":{"rendered":"http:\/\/gite-du-moulin-de-lupiac.fr\/?page_id=14"},"modified":"2022-12-14T10:46:12","modified_gmt":"2022-12-14T10:46:12","slug":"les-environs","status":"publish","type":"page","link":"https:\/\/gite-du-moulin-de-lupiac.fr\/?page_id=14","title":{"rendered":"Les environs"},"content":{"rendered":"\n<div style=\"height:40px\" aria-hidden=\"true\" class=\"wp-block-spacer\"><\/div>\n\n\n\n<div class=\"wp-block-columns alignwide is-layout-flex wp-container-core-columns-is-layout-9d6595d7 wp-block-columns-is-layout-flex\">\n<div class=\"wp-block-column is-layout-flow wp-block-column-is-layout-flow\">\n<h2 class=\"wp-block-heading\">Pour vos loisirs, sur place<\/h2>\n\n\n\n<p class=\"has-theme-palette-3-color has-text-color\">Des sentiers de randonn\u00e9e, p\u00e9destre, \u00e9questre, vtt ou quad s\u2019offrent \u00e0 vous.<br>Un lac de 13ha am\u00e9nag\u00e9 pour la baignade (gratuite et surveill\u00e9e juillet\u00a0\/ao\u00fbt) activit\u00e9 nautique, p\u00e8che\u00a0; guinguette et restaurant pendant l\u2019\u00e9t\u00e9.<br>Court de tennis.<br>Mus\u00e9e d\u2019Artagnan, dans l\u2019ancienne chapelle st Jacques, qui retrace la vie du plus c\u00e9l\u00e8bre Mousquetaire.<br>Ferme \u00e9questre \u00e0 10km.<br>Jardin Palmeraie du Sarthou \u00e0 11km.<br>Kano\u00e9 kayak \u00e0 16 km.<br>Circuit de Nogaro 34 km.<br>Thermes de Castera-Verduzan 32km.<br>Parcour de Golf d&#8217;Eauze 28km<br>Mus\u00e9e Tr\u00e9sor d&#8217;Eauze 28km<br>Visite du chai des armagnacs de l&#8217;Encantada 18km<br>Office de tourisme<\/p>\n<\/div>\n\n\n\n<div class=\"wp-block-column is-vertically-aligned-center is-layout-flow wp-block-column-is-layout-flow\"><div class=\"wp-block-image\">\n<figure class=\"aligncenter size-full\"><img fetchpriority=\"high\" decoding=\"async\" width=\"801\" height=\"585\" src=\"https:\/\/gite-du-moulin-de-lupiac.fr\/wp-content\/uploads\/2022\/12\/fond-regmodif-environs-1.jpg\" alt=\"\" class=\"wp-image-314\" srcset=\"https:\/\/gite-du-moulin-de-lupiac.fr\/wp-content\/uploads\/2022\/12\/fond-regmodif-environs-1.jpg 801w, https:\/\/gite-du-moulin-de-lupiac.fr\/wp-content\/uploads\/2022\/12\/fond-regmodif-environs-1-600x438.jpg 600w, https:\/\/gite-du-moulin-de-lupiac.fr\/wp-content\/uploads\/2022\/12\/fond-regmodif-environs-1-300x219.jpg 300w, https:\/\/gite-du-moulin-de-lupiac.fr\/wp-content\/uploads\/2022\/12\/fond-regmodif-environs-1-768x561.jpg 768w\" sizes=\"(max-width: 801px) 100vw, 801px\" \/><\/figure><\/div><\/div>\n<\/div>\n\n\n\n<div class=\"wp-block-columns alignwide is-layout-flex wp-container-core-columns-is-layout-9d6595d7 wp-block-columns-is-layout-flex\">\n<div class=\"wp-block-column is-layout-flow wp-block-column-is-layout-flow\">\n<h2 class=\"wp-block-heading\">Festivit\u00e9s<\/h2>\n\n\n\n<p class=\"has-theme-palette-3-color has-text-color\">Lupiac Festival d&#8217;Artagnan \/ 2e week-end d&#8217;ao\u00fbt.<br>Pentec\u00f4te, march\u00e9s de nuit, festival Tempo Latino \u00e0 Vic-Fezensac \u00e0 16km.<br>Jazz in Marciac \u00e0 25 km.<br>F\u00eate m\u00e9di\u00e9vale \u00e0 Thermes d\u2019Armagnac \u00e0 15 km<br>Country \u00e0 Mirande \u00e0 30 km.<br>Festival Gallo-romain \u00e0 Eauze \u00e0 22 km.<\/p>\n\n\n\n<p>Plus d&#8217;informations sur le site\u00a0<a href=\"http:\/\/www.visite.tourisme-gers.com\/\">http:\/\/www.visite.tourisme-gers.com\/<\/a><\/p>\n<\/div>\n\n\n\n<div class=\"wp-block-column is-layout-flow wp-block-column-is-layout-flow\">\n<h3 class=\"wp-block-heading\">Avec un v\u00e9hicule<\/h3>\n\n\n\n<p class=\"has-theme-palette-3-color has-text-color\">La montagne et les stations de ski en 2h<br>L&#8217;oc\u00e9an et les plages en 2h<\/p>\n<\/div>\n<\/div>\n","protected":false},"excerpt":{"rendered":"<p>Pour vos loisirs, sur place Des sentiers de randonn\u00e9e, p\u00e9destre, \u00e9questre, vtt ou quad s\u2019offrent \u00e0 vous.Un lac de 13ha am\u00e9nag\u00e9 pour la baignade (gratuite et surveill\u00e9e juillet\u00a0\/ao\u00fbt) activit\u00e9 nautique, p\u00e8che\u00a0; guinguette et restaurant pendant l\u2019\u00e9t\u00e9.Court de tennis.Mus\u00e9e d\u2019Artagnan, dans l\u2019ancienne chapelle st Jacques, qui retrace la vie du plus c\u00e9l\u00e8bre Mousquetaire.Ferme \u00e9questre \u00e0 10km.Jardin&#8230;<\/p>\n","protected":false},"author":1,"featured_media":0,"parent":0,"menu_order":0,"comment_status":"closed","ping_status":"closed","template":"","meta":{"_kadence_starter_templates_imported_post":false,"_kad_post_transparent":"disable","_kad_post_title":"","_kad_post_layout":"","_kad_post_sidebar_id":"","_kad_post_content_style":"","_kad_post_vertical_padding":"","_kad_post_feature":"","_kad_post_feature_position":"","_kad_post_header":false,"_kad_post_footer":false,"footnotes":""},"class_list":["post-14","page","type-page","status-publish","hentry"],"yoast_head":"<!-- This site is optimized with the Yoast SEO plugin v25.5 - https:\/\/yoast.com\/wordpress\/plugins\/seo\/ -->\n<title>Les environs - G\u00eete Du Moulin de Lupiac<\/title>\n<meta name=\"robots\" content=\"index, follow, max-snippet:-1, max-image-preview:large, max-video-preview:-1\" \/>\n<link rel=\"canonical\" href=\"https:\/\/gite-du-moulin-de-lupiac.fr\/?page_id=14\" \/>\n<meta property=\"og:locale\" content=\"en_US\" \/>\n<meta property=\"og:type\" content=\"article\" \/>\n<meta property=\"og:title\" content=\"Les environs - G\u00eete Du Moulin de Lupiac\" \/>\n<meta property=\"og:description\" content=\"Pour vos loisirs, sur place Des sentiers de randonn\u00e9e, p\u00e9destre, \u00e9questre, vtt ou quad s\u2019offrent \u00e0 vous.Un lac de 13ha am\u00e9nag\u00e9 pour la baignade (gratuite et surveill\u00e9e juillet\u00a0\/ao\u00fbt) activit\u00e9 nautique, p\u00e8che\u00a0; guinguette et restaurant pendant l\u2019\u00e9t\u00e9.Court de tennis.Mus\u00e9e d\u2019Artagnan, dans l\u2019ancienne chapelle st Jacques, qui retrace la vie du plus c\u00e9l\u00e8bre Mousquetaire.Ferme \u00e9questre \u00e0 10km.Jardin...\" \/>\n<meta property=\"og:url\" content=\"https:\/\/gite-du-moulin-de-lupiac.fr\/?page_id=14\" \/>\n<meta property=\"og:site_name\" content=\"G\u00eete Du Moulin de Lupiac\" \/>\n<meta property=\"article:modified_time\" content=\"2022-12-14T10:46:12+00:00\" \/>\n<meta property=\"og:image\" content=\"http:\/\/gite-du-moulin-de-lupiac.fr\/wp-content\/uploads\/2022\/12\/fond-regmodif-environs-1.jpg\" \/>\n<meta name=\"twitter:card\" content=\"summary_large_image\" \/>\n<meta name=\"twitter:label1\" content=\"Est. reading time\" \/>\n\t<meta name=\"twitter:data1\" content=\"1 minute\" \/>\n<script type=\"application\/ld+json\" class=\"yoast-schema-graph\">{\"@context\":\"https:\/\/schema.org\",\"@graph\":[{\"@type\":\"WebPage\",\"@id\":\"https:\/\/gite-du-moulin-de-lupiac.fr\/?page_id=14\",\"url\":\"https:\/\/gite-du-moulin-de-lupiac.fr\/?page_id=14\",\"name\":\"Les environs - G\u00eete Du Moulin de Lupiac\",\"isPartOf\":{\"@id\":\"https:\/\/gite-du-moulin-de-lupiac.fr\/#website\"},\"primaryImageOfPage\":{\"@id\":\"https:\/\/gite-du-moulin-de-lupiac.fr\/?page_id=14#primaryimage\"},\"image\":{\"@id\":\"https:\/\/gite-du-moulin-de-lupiac.fr\/?page_id=14#primaryimage\"},\"thumbnailUrl\":\"http:\/\/gite-du-moulin-de-lupiac.fr\/wp-content\/uploads\/2022\/12\/fond-regmodif-environs-1.jpg\",\"datePublished\":\"2022-12-09T10:55:15+00:00\",\"dateModified\":\"2022-12-14T10:46:12+00:00\",\"breadcrumb\":{\"@id\":\"https:\/\/gite-du-moulin-de-lupiac.fr\/?page_id=14#breadcrumb\"},\"inLanguage\":\"en-US\",\"potentialAction\":[{\"@type\":\"ReadAction\",\"target\":[\"https:\/\/gite-du-moulin-de-lupiac.fr\/?page_id=14\"]}]},{\"@type\":\"ImageObject\",\"inLanguage\":\"en-US\",\"@id\":\"https:\/\/gite-du-moulin-de-lupiac.fr\/?page_id=14#primaryimage\",\"url\":\"http:\/\/gite-du-moulin-de-lupiac.fr\/wp-content\/uploads\/2022\/12\/fond-regmodif-environs-1.jpg\",\"contentUrl\":\"http:\/\/gite-du-moulin-de-lupiac.fr\/wp-content\/uploads\/2022\/12\/fond-regmodif-environs-1.jpg\"},{\"@type\":\"BreadcrumbList\",\"@id\":\"https:\/\/gite-du-moulin-de-lupiac.fr\/?page_id=14#breadcrumb\",\"itemListElement\":[{\"@type\":\"ListItem\",\"position\":1,\"name\":\"Home\",\"item\":\"https:\/\/gite-du-moulin-de-lupiac.fr\/\"},{\"@type\":\"ListItem\",\"position\":2,\"name\":\"Les environs\"}]},{\"@type\":\"WebSite\",\"@id\":\"https:\/\/gite-du-moulin-de-lupiac.fr\/#website\",\"url\":\"https:\/\/gite-du-moulin-de-lupiac.fr\/\",\"name\":\"G\u00eete Du Moulin de Lupiac\",\"description\":\"G\u00eete du moulin de Lupiac Occitanie\",\"publisher\":{\"@id\":\"https:\/\/gite-du-moulin-de-lupiac.fr\/#organization\"},\"potentialAction\":[{\"@type\":\"SearchAction\",\"target\":{\"@type\":\"EntryPoint\",\"urlTemplate\":\"https:\/\/gite-du-moulin-de-lupiac.fr\/?s={search_term_string}\"},\"query-input\":{\"@type\":\"PropertyValueSpecification\",\"valueRequired\":true,\"valueName\":\"search_term_string\"}}],\"inLanguage\":\"en-US\"},{\"@type\":\"Organization\",\"@id\":\"https:\/\/gite-du-moulin-de-lupiac.fr\/#organization\",\"name\":\"G\u00eete Du Moulin de Lupiac\",\"url\":\"https:\/\/gite-du-moulin-de-lupiac.fr\/\",\"logo\":{\"@type\":\"ImageObject\",\"inLanguage\":\"en-US\",\"@id\":\"https:\/\/gite-du-moulin-de-lupiac.fr\/#\/schema\/logo\/image\/\",\"url\":\"https:\/\/gite-du-moulin-de-lupiac.fr\/wp-content\/uploads\/2022\/12\/cropped-icons8-moulin-a-vent-64.png\",\"contentUrl\":\"https:\/\/gite-du-moulin-de-lupiac.fr\/wp-content\/uploads\/2022\/12\/cropped-icons8-moulin-a-vent-64.png\",\"width\":64,\"height\":64,\"caption\":\"G\u00eete Du Moulin de Lupiac\"},\"image\":{\"@id\":\"https:\/\/gite-du-moulin-de-lupiac.fr\/#\/schema\/logo\/image\/\"}}]}<\/script>\n<!-- \/ Yoast SEO plugin. -->","yoast_head_json":{"title":"Les environs - G\u00eete Du Moulin de Lupiac","robots":{"index":"index","follow":"follow","max-snippet":"max-snippet:-1","max-image-preview":"max-image-preview:large","max-video-preview":"max-video-preview:-1"},"canonical":"https:\/\/gite-du-moulin-de-lupiac.fr\/?page_id=14","og_locale":"en_US","og_type":"article","og_title":"Les environs - G\u00eete Du Moulin de Lupiac","og_description":"Pour vos loisirs, sur place Des sentiers de randonn\u00e9e, p\u00e9destre, \u00e9questre, vtt ou quad s\u2019offrent \u00e0 vous.Un lac de 13ha am\u00e9nag\u00e9 pour la baignade (gratuite et surveill\u00e9e juillet\u00a0\/ao\u00fbt) activit\u00e9 nautique, p\u00e8che\u00a0; guinguette et restaurant pendant l\u2019\u00e9t\u00e9.Court de tennis.Mus\u00e9e d\u2019Artagnan, dans l\u2019ancienne chapelle st Jacques, qui retrace la vie du plus c\u00e9l\u00e8bre Mousquetaire.Ferme \u00e9questre \u00e0 10km.Jardin...","og_url":"https:\/\/gite-du-moulin-de-lupiac.fr\/?page_id=14","og_site_name":"G\u00eete Du Moulin de Lupiac","article_modified_time":"2022-12-14T10:46:12+00:00","og_image":[{"url":"http:\/\/gite-du-moulin-de-lupiac.fr\/wp-content\/uploads\/2022\/12\/fond-regmodif-environs-1.jpg","type":"","width":"","height":""}],"twitter_card":"summary_large_image","twitter_misc":{"Est. reading time":"1 minute"},"schema":{"@context":"https:\/\/schema.org","@graph":[{"@type":"WebPage","@id":"https:\/\/gite-du-moulin-de-lupiac.fr\/?page_id=14","url":"https:\/\/gite-du-moulin-de-lupiac.fr\/?page_id=14","name":"Les environs - G\u00eete Du Moulin de Lupiac","isPartOf":{"@id":"https:\/\/gite-du-moulin-de-lupiac.fr\/#website"},"primaryImageOfPage":{"@id":"https:\/\/gite-du-moulin-de-lupiac.fr\/?page_id=14#primaryimage"},"image":{"@id":"https:\/\/gite-du-moulin-de-lupiac.fr\/?page_id=14#primaryimage"},"thumbnailUrl":"http:\/\/gite-du-moulin-de-lupiac.fr\/wp-content\/uploads\/2022\/12\/fond-regmodif-environs-1.jpg","datePublished":"2022-12-09T10:55:15+00:00","dateModified":"2022-12-14T10:46:12+00:00","breadcrumb":{"@id":"https:\/\/gite-du-moulin-de-lupiac.fr\/?page_id=14#breadcrumb"},"inLanguage":"en-US","potentialAction":[{"@type":"ReadAction","target":["https:\/\/gite-du-moulin-de-lupiac.fr\/?page_id=14"]}]},{"@type":"ImageObject","inLanguage":"en-US","@id":"https:\/\/gite-du-moulin-de-lupiac.fr\/?page_id=14#primaryimage","url":"http:\/\/gite-du-moulin-de-lupiac.fr\/wp-content\/uploads\/2022\/12\/fond-regmodif-environs-1.jpg","contentUrl":"http:\/\/gite-du-moulin-de-lupiac.fr\/wp-content\/uploads\/2022\/12\/fond-regmodif-environs-1.jpg"},{"@type":"BreadcrumbList","@id":"https:\/\/gite-du-moulin-de-lupiac.fr\/?page_id=14#breadcrumb","itemListElement":[{"@type":"ListItem","position":1,"name":"Home","item":"https:\/\/gite-du-moulin-de-lupiac.fr\/"},{"@type":"ListItem","position":2,"name":"Les environs"}]},{"@type":"WebSite","@id":"https:\/\/gite-du-moulin-de-lupiac.fr\/#website","url":"https:\/\/gite-du-moulin-de-lupiac.fr\/","name":"G\u00eete Du Moulin de Lupiac","description":"G\u00eete du moulin de Lupiac Occitanie","publisher":{"@id":"https:\/\/gite-du-moulin-de-lupiac.fr\/#organization"},"potentialAction":[{"@type":"SearchAction","target":{"@type":"EntryPoint","urlTemplate":"https:\/\/gite-du-moulin-de-lupiac.fr\/?s={search_term_string}"},"query-input":{"@type":"PropertyValueSpecification","valueRequired":true,"valueName":"search_term_string"}}],"inLanguage":"en-US"},{"@type":"Organization","@id":"https:\/\/gite-du-moulin-de-lupiac.fr\/#organization","name":"G\u00eete Du Moulin de Lupiac","url":"https:\/\/gite-du-moulin-de-lupiac.fr\/","logo":{"@type":"ImageObject","inLanguage":"en-US","@id":"https:\/\/gite-du-moulin-de-lupiac.fr\/#\/schema\/logo\/image\/","url":"https:\/\/gite-du-moulin-de-lupiac.fr\/wp-content\/uploads\/2022\/12\/cropped-icons8-moulin-a-vent-64.png","contentUrl":"https:\/\/gite-du-moulin-de-lupiac.fr\/wp-content\/uploads\/2022\/12\/cropped-icons8-moulin-a-vent-64.png","width":64,"height":64,"caption":"G\u00eete Du Moulin de Lupiac"},"image":{"@id":"https:\/\/gite-du-moulin-de-lupiac.fr\/#\/schema\/logo\/image\/"}}]}},"_links":{"self":[{"href":"https:\/\/gite-du-moulin-de-lupiac.fr\/index.php?rest_route=\/wp\/v2\/pages\/14","targetHints":{"allow":["GET"]}}],"collection":[{"href":"https:\/\/gite-du-moulin-de-lupiac.fr\/index.php?rest_route=\/wp\/v2\/pages"}],"about":[{"href":"https:\/\/gite-du-moulin-de-lupiac.fr\/index.php?rest_route=\/wp\/v2\/types\/page"}],"author":[{"embeddable":true,"href":"https:\/\/gite-du-moulin-de-lupiac.fr\/index.php?rest_route=\/wp\/v2\/users\/1"}],"replies":[{"embeddable":true,"href":"https:\/\/gite-du-moulin-de-lupiac.fr\/index.php?rest_route=%2Fwp%2Fv2%2Fcomments&post=14"}],"version-history":[{"count":13,"href":"https:\/\/gite-du-moulin-de-lupiac.fr\/index.php?rest_route=\/wp\/v2\/pages\/14\/revisions"}],"predecessor-version":[{"id":321,"href":"https:\/\/gite-du-moulin-de-lupiac.fr\/index.php?rest_route=\/wp\/v2\/pages\/14\/revisions\/321"}],"wp:attachment":[{"href":"https:\/\/gite-du-moulin-de-lupiac.fr\/index.php?rest_route=%2Fwp%2Fv2%2Fmedia&parent=14"}],"curies":[{"name":"wp","href":"https:\/\/api.w.org\/{rel}","templated":true}]}}