{"id":12,"date":"2022-12-09T10:55:07","date_gmt":"2022-12-09T10:55:07","guid":{"rendered":"http:\/\/gite-du-moulin-de-lupiac.fr\/?page_id=12"},"modified":"2023-02-13T17:01:26","modified_gmt":"2023-02-13T17:01:26","slug":"acces-localisation","status":"publish","type":"page","link":"https:\/\/gite-du-moulin-de-lupiac.fr\/?page_id=12","title":{"rendered":"Acc\u00e8s\/Localisation"},"content":{"rendered":"\n<div style=\"height:39px\" aria-hidden=\"true\" class=\"wp-block-spacer\"><\/div>\n\n\n\n<div class=\"wp-block-columns alignwide are-vertically-aligned-center is-layout-flex wp-container-core-columns-is-layout-9d6595d7 wp-block-columns-is-layout-flex\">\n<div class=\"wp-block-column is-vertically-aligned-center is-layout-flow wp-block-column-is-layout-flow\">\n<p style=\"padding-top:0;padding-right:0;padding-bottom:0;padding-left:0;font-size:16px\"><strong>Depuis Auch (45min):<\/strong><br>Prendre N124 jusqu&#8217;a Vic-Fezensac, \u00e0 la sortie de Vic-Fezensac prendre la D1 direction Belmont, \u00e0 la sortie de Belmont prendre \u00e0 droite sur la D37 jusqu&#8217;\u00e0 Lupiac. Traverser le village (D174) direction Aignan, \u00e0 la sortie du village (D102) le gite est sur votre gauche en arrivant au moulin.&nbsp;<a href=\"http:\/\/fr.mappy.com\/#d%5B%5D=Auch,+32000,+Midi-Pyr%C3%A9n%C3%A9es,+France&amp;d%5B%5D=Lupiac,+32290,+Midi-Pyr%C3%A9n%C3%A9es,+France&amp;endPos%5By%5D=43.682106&amp;endPos%5Bx%5D=0.181118&amp;ipo=1&amp;lm=m&amp;p=itinerary\">Voir sur mappy<\/a><\/p>\n\n\n\n<p style=\"font-size:16px\"><strong>Depuis Tarbes (65 min):<\/strong><br>Prendre direction Maubourget, puis direction Plaisance (D8 et D373). A plaisance prendre direction Lupiac (D946, D37) en arrivant \u00e0 Lupiac tourner \u00e0 Gauche direction Aignan (D102). A la sortie du village (D102) le gite est sur votre gauche en arrivant au moulin.&nbsp;<a href=\"http:\/\/fr.mappy.com\/#d%5B%5D=Tarbes,+65000,+Midi-Pyr%C3%A9n%C3%A9es,+France&amp;d%5B%5D=Lupiac,+32290,+Midi-Pyr%C3%A9n%C3%A9es,+France&amp;endPos%5By%5D=43.682106&amp;endPos%5Bx%5D=0.181118&amp;ipo=1&amp;lm=m&amp;p=itinerary\">Voir sur Mappy<\/a><\/p>\n\n\n\n<p style=\"font-size:16px\"><strong>Depuis L&#8217;A65, E7 (45 min):<\/strong><br>Prendre la sortie N\u00b06 (Tarbes, Auch, Marciac, Nogaro). Prendre direction Saint Germ\u00e9 \u00e0 la sortie de Aire-Sur-Adour (D935), puis direction Termes-d&#8217;Armagnac. A la sortie de Termes-d&#8217;Armagnac prendre direction Aignan. En sortant d\u2019Aignan suivre la direction de Lupiac. En arrivant \u00e0 Lupiac le gite se trouve sur votre droite dans la rue principale apr\u00e8s le moulin.&nbsp;<a href=\"http:\/\/fr.mappy.com\/#d%5B%5D=Aire-sur-l'Adour,+40800,+Aquitaine,+France&amp;d%5B%5D=Lupiac,+32290,+Midi-Pyr%C3%A9n%C3%A9es,+France&amp;endPos%5By%5D=43.682106&amp;endPos%5Bx%5D=0.181118&amp;ipo=1&amp;lm=m&amp;p=itinerary\">Voir sur Mappy<\/a><\/p>\n\n\n\n<p style=\"font-size:16px\"><strong>Depuis L&#8217;A62, E72 (85 min):<\/strong><br>Prendre la sortie N\u00b07 (Auch, Agen, Condom). Prendre direction Condom \u00e0 la sortie de l&#8217;Autoroute, puis direction Vic-Fezensac \u00e0 la sortie de Condom. Traverser Vic-Fezensac et la sortie prendre sur la gauche direction Belmont. A la sortie de Belmont prendre \u00e0 droite sur la D37 jusqu&#8217;\u00e0 Lupiac. Traverser le village (D174) direction Aignan, \u00e0 la sortie du village (D102) le gite est sur votre gauche en arrivant au moulin.&nbsp;<a href=\"http:\/\/fr.mappy.com\/#d%5B%5D=Agen,+47000,+Aquitaine,+France&amp;d%5B%5D=Lupiac,+32290,+Midi-Pyr%C3%A9n%C3%A9es,+France&amp;endPos%5By%5D=43.682106&amp;endPos%5Bx%5D=0.181118&amp;ipo=1&amp;lm=m&amp;p=itinerary\">Voir sur Mappy<\/a><\/p>\n<\/div>\n\n\n\n<div class=\"wp-block-column is-vertically-aligned-center is-layout-flow wp-block-column-is-layout-flow\"><style>.kadence-column_1f4a81-52 > .kt-inside-inner-col{padding-top:20px;padding-bottom:20px;padding-left:20px;padding-right:0px;}.kadence-column_1f4a81-52 > .kt-inside-inner-col{border-top-width:0px;border-right-width:0px;border-bottom-width:0px;border-left-width:0px;}.kadence-column_1f4a81-52 > .kt-inside-inner-col,.kadence-column_1f4a81-52 > .kt-inside-inner-col:before{border-top-left-radius:24px;border-top-right-radius:24px;border-bottom-right-radius:24px;border-bottom-left-radius:24px;}.kadence-column_1f4a81-52 > .kt-inside-inner-col{column-gap:var(--global-kb-gap-sm, 1rem);}.kadence-column_1f4a81-52 > .kt-inside-inner-col{flex-direction:column;}.kadence-column_1f4a81-52 > .kt-inside-inner-col > .aligncenter{width:100%;}.kadence-column_1f4a81-52 > .kt-inside-inner-col{background-color:#dfa63b;}.kadence-column_1f4a81-52 > .kt-inside-inner-col:before{opacity:0.3;}.kadence-column_1f4a81-52{position:relative;}@media all and (max-width: 1024px){.kadence-column_1f4a81-52 > .kt-inside-inner-col{flex-direction:column;justify-content:center;}}@media all and (max-width: 767px){.kadence-column_1f4a81-52 > .kt-inside-inner-col{flex-direction:column;justify-content:center;}}<\/style>\n<div class=\"wp-block-kadence-column inner-column-1 kadence-column_1f4a81-52\"><div class=\"kt-inside-inner-col\">\n<iframe src=\"https:\/\/www.google.com\/maps\/embed?pb=!1m18!1m12!1m3!1d2885.335921930852!2d0.17435101570588882!3d43.68277925853511!2m3!1f0!2f0!3f0!3m2!1i1024!2i768!4f13.1!3m3!1m2!1s0x12a9f0f08b8192f9%3A0x7a2f61ad111b153f!2sGite%20du%20Moulin%20de%20Lupiac!5e0!3m2!1sfr!2sfr!4v1670936737082!5m2!1sfr!2sfr\" style=\"border:0;\" allowfullscreen=\"\" loading=\"lazy\" referrerpolicy=\"no-referrer-when-downgrade\" width=\"600\" height=\"450\" ><\/iframe>\n<\/div><\/div>\n<\/div>\n<\/div>\n","protected":false},"excerpt":{"rendered":"<p>Depuis Auch (45min):Prendre N124 jusqu&#8217;a Vic-Fezensac, \u00e0 la sortie de Vic-Fezensac prendre la D1 direction Belmont, \u00e0 la sortie de Belmont prendre \u00e0 droite sur la D37 jusqu&#8217;\u00e0 Lupiac. Traverser le village (D174) direction Aignan, \u00e0 la sortie du village (D102) le gite est sur votre gauche en arrivant au moulin.&nbsp;Voir sur mappy Depuis Tarbes&#8230;<\/p>\n","protected":false},"author":1,"featured_media":0,"parent":0,"menu_order":0,"comment_status":"closed","ping_status":"closed","template":"","meta":{"_kadence_starter_templates_imported_post":false,"_kad_post_transparent":"disable","_kad_post_title":"","_kad_post_layout":"","_kad_post_sidebar_id":"","_kad_post_content_style":"","_kad_post_vertical_padding":"","_kad_post_feature":"","_kad_post_feature_position":"","_kad_post_header":false,"_kad_post_footer":false,"footnotes":""},"class_list":["post-12","page","type-page","status-publish","hentry"],"yoast_head":"<!-- This site is optimized with the Yoast SEO plugin v25.5 - https:\/\/yoast.com\/wordpress\/plugins\/seo\/ -->\n<title>Acc\u00e8s\/Localisation - G\u00eete Du Moulin de Lupiac<\/title>\n<meta name=\"robots\" content=\"index, follow, max-snippet:-1, max-image-preview:large, max-video-preview:-1\" \/>\n<link rel=\"canonical\" href=\"https:\/\/gite-du-moulin-de-lupiac.fr\/?page_id=12\" \/>\n<meta property=\"og:locale\" content=\"en_US\" \/>\n<meta property=\"og:type\" content=\"article\" \/>\n<meta property=\"og:title\" content=\"Acc\u00e8s\/Localisation - G\u00eete Du Moulin de Lupiac\" \/>\n<meta property=\"og:description\" content=\"Depuis Auch (45min):Prendre N124 jusqu&#8217;a Vic-Fezensac, \u00e0 la sortie de Vic-Fezensac prendre la D1 direction Belmont, \u00e0 la sortie de Belmont prendre \u00e0 droite sur la D37 jusqu&#8217;\u00e0 Lupiac. Traverser le village (D174) direction Aignan, \u00e0 la sortie du village (D102) le gite est sur votre gauche en arrivant au moulin.&nbsp;Voir sur mappy Depuis Tarbes...\" \/>\n<meta property=\"og:url\" content=\"https:\/\/gite-du-moulin-de-lupiac.fr\/?page_id=12\" \/>\n<meta property=\"og:site_name\" content=\"G\u00eete Du Moulin de Lupiac\" \/>\n<meta property=\"article:modified_time\" content=\"2023-02-13T17:01:26+00:00\" \/>\n<meta name=\"twitter:card\" content=\"summary_large_image\" \/>\n<meta name=\"twitter:label1\" content=\"Est. reading time\" \/>\n\t<meta name=\"twitter:data1\" content=\"1 minute\" \/>\n<script type=\"application\/ld+json\" class=\"yoast-schema-graph\">{\"@context\":\"https:\/\/schema.org\",\"@graph\":[{\"@type\":\"WebPage\",\"@id\":\"https:\/\/gite-du-moulin-de-lupiac.fr\/?page_id=12\",\"url\":\"https:\/\/gite-du-moulin-de-lupiac.fr\/?page_id=12\",\"name\":\"Acc\u00e8s\/Localisation - G\u00eete Du Moulin de Lupiac\",\"isPartOf\":{\"@id\":\"https:\/\/gite-du-moulin-de-lupiac.fr\/#website\"},\"datePublished\":\"2022-12-09T10:55:07+00:00\",\"dateModified\":\"2023-02-13T17:01:26+00:00\",\"breadcrumb\":{\"@id\":\"https:\/\/gite-du-moulin-de-lupiac.fr\/?page_id=12#breadcrumb\"},\"inLanguage\":\"en-US\",\"potentialAction\":[{\"@type\":\"ReadAction\",\"target\":[\"https:\/\/gite-du-moulin-de-lupiac.fr\/?page_id=12\"]}]},{\"@type\":\"BreadcrumbList\",\"@id\":\"https:\/\/gite-du-moulin-de-lupiac.fr\/?page_id=12#breadcrumb\",\"itemListElement\":[{\"@type\":\"ListItem\",\"position\":1,\"name\":\"Home\",\"item\":\"https:\/\/gite-du-moulin-de-lupiac.fr\/\"},{\"@type\":\"ListItem\",\"position\":2,\"name\":\"Acc\u00e8s\/Localisation\"}]},{\"@type\":\"WebSite\",\"@id\":\"https:\/\/gite-du-moulin-de-lupiac.fr\/#website\",\"url\":\"https:\/\/gite-du-moulin-de-lupiac.fr\/\",\"name\":\"G\u00eete Du Moulin de Lupiac\",\"description\":\"G\u00eete du moulin de Lupiac Occitanie\",\"publisher\":{\"@id\":\"https:\/\/gite-du-moulin-de-lupiac.fr\/#organization\"},\"potentialAction\":[{\"@type\":\"SearchAction\",\"target\":{\"@type\":\"EntryPoint\",\"urlTemplate\":\"https:\/\/gite-du-moulin-de-lupiac.fr\/?s={search_term_string}\"},\"query-input\":{\"@type\":\"PropertyValueSpecification\",\"valueRequired\":true,\"valueName\":\"search_term_string\"}}],\"inLanguage\":\"en-US\"},{\"@type\":\"Organization\",\"@id\":\"https:\/\/gite-du-moulin-de-lupiac.fr\/#organization\",\"name\":\"G\u00eete Du Moulin de Lupiac\",\"url\":\"https:\/\/gite-du-moulin-de-lupiac.fr\/\",\"logo\":{\"@type\":\"ImageObject\",\"inLanguage\":\"en-US\",\"@id\":\"https:\/\/gite-du-moulin-de-lupiac.fr\/#\/schema\/logo\/image\/\",\"url\":\"https:\/\/gite-du-moulin-de-lupiac.fr\/wp-content\/uploads\/2022\/12\/cropped-icons8-moulin-a-vent-64.png\",\"contentUrl\":\"https:\/\/gite-du-moulin-de-lupiac.fr\/wp-content\/uploads\/2022\/12\/cropped-icons8-moulin-a-vent-64.png\",\"width\":64,\"height\":64,\"caption\":\"G\u00eete Du Moulin de Lupiac\"},\"image\":{\"@id\":\"https:\/\/gite-du-moulin-de-lupiac.fr\/#\/schema\/logo\/image\/\"}}]}<\/script>\n<!-- \/ Yoast SEO plugin. -->","yoast_head_json":{"title":"Acc\u00e8s\/Localisation - G\u00eete Du Moulin de Lupiac","robots":{"index":"index","follow":"follow","max-snippet":"max-snippet:-1","max-image-preview":"max-image-preview:large","max-video-preview":"max-video-preview:-1"},"canonical":"https:\/\/gite-du-moulin-de-lupiac.fr\/?page_id=12","og_locale":"en_US","og_type":"article","og_title":"Acc\u00e8s\/Localisation - G\u00eete Du Moulin de Lupiac","og_description":"Depuis Auch (45min):Prendre N124 jusqu&#8217;a Vic-Fezensac, \u00e0 la sortie de Vic-Fezensac prendre la D1 direction Belmont, \u00e0 la sortie de Belmont prendre \u00e0 droite sur la D37 jusqu&#8217;\u00e0 Lupiac. Traverser le village (D174) direction Aignan, \u00e0 la sortie du village (D102) le gite est sur votre gauche en arrivant au moulin.&nbsp;Voir sur mappy Depuis Tarbes...","og_url":"https:\/\/gite-du-moulin-de-lupiac.fr\/?page_id=12","og_site_name":"G\u00eete Du Moulin de Lupiac","article_modified_time":"2023-02-13T17:01:26+00:00","twitter_card":"summary_large_image","twitter_misc":{"Est. reading time":"1 minute"},"schema":{"@context":"https:\/\/schema.org","@graph":[{"@type":"WebPage","@id":"https:\/\/gite-du-moulin-de-lupiac.fr\/?page_id=12","url":"https:\/\/gite-du-moulin-de-lupiac.fr\/?page_id=12","name":"Acc\u00e8s\/Localisation - G\u00eete Du Moulin de Lupiac","isPartOf":{"@id":"https:\/\/gite-du-moulin-de-lupiac.fr\/#website"},"datePublished":"2022-12-09T10:55:07+00:00","dateModified":"2023-02-13T17:01:26+00:00","breadcrumb":{"@id":"https:\/\/gite-du-moulin-de-lupiac.fr\/?page_id=12#breadcrumb"},"inLanguage":"en-US","potentialAction":[{"@type":"ReadAction","target":["https:\/\/gite-du-moulin-de-lupiac.fr\/?page_id=12"]}]},{"@type":"BreadcrumbList","@id":"https:\/\/gite-du-moulin-de-lupiac.fr\/?page_id=12#breadcrumb","itemListElement":[{"@type":"ListItem","position":1,"name":"Home","item":"https:\/\/gite-du-moulin-de-lupiac.fr\/"},{"@type":"ListItem","position":2,"name":"Acc\u00e8s\/Localisation"}]},{"@type":"WebSite","@id":"https:\/\/gite-du-moulin-de-lupiac.fr\/#website","url":"https:\/\/gite-du-moulin-de-lupiac.fr\/","name":"G\u00eete Du Moulin de Lupiac","description":"G\u00eete du moulin de Lupiac Occitanie","publisher":{"@id":"https:\/\/gite-du-moulin-de-lupiac.fr\/#organization"},"potentialAction":[{"@type":"SearchAction","target":{"@type":"EntryPoint","urlTemplate":"https:\/\/gite-du-moulin-de-lupiac.fr\/?s={search_term_string}"},"query-input":{"@type":"PropertyValueSpecification","valueRequired":true,"valueName":"search_term_string"}}],"inLanguage":"en-US"},{"@type":"Organization","@id":"https:\/\/gite-du-moulin-de-lupiac.fr\/#organization","name":"G\u00eete Du Moulin de Lupiac","url":"https:\/\/gite-du-moulin-de-lupiac.fr\/","logo":{"@type":"ImageObject","inLanguage":"en-US","@id":"https:\/\/gite-du-moulin-de-lupiac.fr\/#\/schema\/logo\/image\/","url":"https:\/\/gite-du-moulin-de-lupiac.fr\/wp-content\/uploads\/2022\/12\/cropped-icons8-moulin-a-vent-64.png","contentUrl":"https:\/\/gite-du-moulin-de-lupiac.fr\/wp-content\/uploads\/2022\/12\/cropped-icons8-moulin-a-vent-64.png","width":64,"height":64,"caption":"G\u00eete Du Moulin de Lupiac"},"image":{"@id":"https:\/\/gite-du-moulin-de-lupiac.fr\/#\/schema\/logo\/image\/"}}]}},"_links":{"self":[{"href":"https:\/\/gite-du-moulin-de-lupiac.fr\/index.php?rest_route=\/wp\/v2\/pages\/12","targetHints":{"allow":["GET"]}}],"collection":[{"href":"https:\/\/gite-du-moulin-de-lupiac.fr\/index.php?rest_route=\/wp\/v2\/pages"}],"about":[{"href":"https:\/\/gite-du-moulin-de-lupiac.fr\/index.php?rest_route=\/wp\/v2\/types\/page"}],"author":[{"embeddable":true,"href":"https:\/\/gite-du-moulin-de-lupiac.fr\/index.php?rest_route=\/wp\/v2\/users\/1"}],"replies":[{"embeddable":true,"href":"https:\/\/gite-du-moulin-de-lupiac.fr\/index.php?rest_route=%2Fwp%2Fv2%2Fcomments&post=12"}],"version-history":[{"count":16,"href":"https:\/\/gite-du-moulin-de-lupiac.fr\/index.php?rest_route=\/wp\/v2\/pages\/12\/revisions"}],"predecessor-version":[{"id":832,"href":"https:\/\/gite-du-moulin-de-lupiac.fr\/index.php?rest_route=\/wp\/v2\/pages\/12\/revisions\/832"}],"wp:attachment":[{"href":"https:\/\/gite-du-moulin-de-lupiac.fr\/index.php?rest_route=%2Fwp%2Fv2%2Fmedia&parent=12"}],"curies":[{"name":"wp","href":"https:\/\/api.w.org\/{rel}","templated":true}]}}